{"id":17497,"date":"2020-09-24T16:54:39","date_gmt":"2020-09-24T16:54:39","guid":{"rendered":"https:\/\/offshore.sc\/?p=17497"},"modified":"2021-05-20T19:25:35","modified_gmt":"2021-05-20T17:25:35","slug":"god-status","status":"publish","type":"page","link":"https:\/\/offshore.sc\/sv\/god-status\/","title":{"rendered":"Bra st\u00e4llning"},"content":{"rendered":"<section  class='av_textblock_section av-kowzjq1n-6549abe8f57a3587b389e77383f3ae50'   itemscope=\"itemscope\" itemtype=\"https:\/\/schema.org\/CreativeWork\" ><div class='avia_textblock'  itemprop=\"text\" ><p>Du kan f\u00e5 ett intyg om god status <a href=\"https:\/\/offshore.sc\/sv\/produkt\/intyg-intyg-om-god-status-ibc-cogs\/\"><strong>h\u00e4r<\/strong><\/a> ordning. P\u00e5 samma s\u00e4tt visar vi dig d\u00e4r vad det \u00e4r med en s.g.. <a href=\"https:\/\/offshore.sc\/sv\/foerkortningar\/\"><strong>CoGS<\/strong> <\/a>erbjudanden.<\/p>\n<\/div><\/section>","protected":false},"excerpt":{"rendered":"","protected":false},"author":1,"featured_media":4370,"parent":0,"menu_order":0,"comment_status":"closed","ping_status":"closed","template":"","meta":{"footnotes":""},"class_list":["post-17497","page","type-page","status-publish","has-post-thumbnail","hentry"],"_links":{"self":[{"href":"https:\/\/offshore.sc\/sv\/wp-json\/wp\/v2\/pages\/17497","targetHints":{"allow":["GET"]}}],"collection":[{"href":"https:\/\/offshore.sc\/sv\/wp-json\/wp\/v2\/pages"}],"about":[{"href":"https:\/\/offshore.sc\/sv\/wp-json\/wp\/v2\/types\/page"}],"author":[{"embeddable":true,"href":"https:\/\/offshore.sc\/sv\/wp-json\/wp\/v2\/users\/1"}],"replies":[{"embeddable":true,"href":"https:\/\/offshore.sc\/sv\/wp-json\/wp\/v2\/comments?post=17497"}],"version-history":[{"count":0,"href":"https:\/\/offshore.sc\/sv\/wp-json\/wp\/v2\/pages\/17497\/revisions"}],"wp:featuredmedia":[{"embeddable":true,"href":"https:\/\/offshore.sc\/sv\/wp-json\/wp\/v2\/media\/4370"}],"wp:attachment":[{"href":"https:\/\/offshore.sc\/sv\/wp-json\/wp\/v2\/media?parent=17497"}],"curies":[{"name":"wp","href":"https:\/\/api.w.org\/{rel}","templated":true}]}}