{"id":18481,"date":"2020-10-17T23:40:31","date_gmt":"2020-10-17T21:40:31","guid":{"rendered":"https:\/\/offshore.sc\/?page_id=18481"},"modified":"2020-10-17T23:40:31","modified_gmt":"2020-10-17T21:40:31","slug":"cfc","status":"publish","type":"page","link":"https:\/\/offshore.sc\/pt\/cfc\/","title":{"rendered":"CFC"},"content":{"rendered":"<style type=\"text\/css\" data-created_by=\"avia_inline_auto\" id=\"style-css-av-kge7ezhp-9d26c0fad95ef3489af876f2d5aa9704\">\n#top .av-special-heading.av-kge7ezhp-9d26c0fad95ef3489af876f2d5aa9704{\npadding-bottom:10px;\n}\nbody .av-special-heading.av-kge7ezhp-9d26c0fad95ef3489af876f2d5aa9704 .av-special-heading-tag .heading-char{\nfont-size:25px;\n}\n.av-special-heading.av-kge7ezhp-9d26c0fad95ef3489af876f2d5aa9704 .av-subheading{\nfont-size:15px;\n}\n<\/style>\n<div  class='av-special-heading av-kge7ezhp-9d26c0fad95ef3489af876f2d5aa9704 av-special-heading-h2 blockquote modern-quote  avia-builder-el-0  avia-builder-el-no-sibling  av-linked-heading'><h2 class='av-special-heading-tag'  itemprop=\"headline\"  ><a class=\"av-heading-link\" href=\"https:\/\/offshore.sc\/pt\/abreviacoes\/\" > Regras sobre rela\u00e7\u00f5es externas controladas, ou tamb\u00e9m como um <span class='special_amp'>\"<\/span>Regras do CFC<span class='special_amp'>\"<\/span> conhecido<\/a><\/h2><div class=\"special-heading-border\"><div class=\"special-heading-inner-border\"><\/div><\/div><\/div>","protected":false},"excerpt":{"rendered":"","protected":false},"author":1,"featured_media":0,"parent":0,"menu_order":0,"comment_status":"closed","ping_status":"closed","template":"","meta":{"footnotes":""},"class_list":["post-18481","page","type-page","status-publish","hentry"],"_links":{"self":[{"href":"https:\/\/offshore.sc\/pt\/wp-json\/wp\/v2\/pages\/18481","targetHints":{"allow":["GET"]}}],"collection":[{"href":"https:\/\/offshore.sc\/pt\/wp-json\/wp\/v2\/pages"}],"about":[{"href":"https:\/\/offshore.sc\/pt\/wp-json\/wp\/v2\/types\/page"}],"author":[{"embeddable":true,"href":"https:\/\/offshore.sc\/pt\/wp-json\/wp\/v2\/users\/1"}],"replies":[{"embeddable":true,"href":"https:\/\/offshore.sc\/pt\/wp-json\/wp\/v2\/comments?post=18481"}],"version-history":[{"count":0,"href":"https:\/\/offshore.sc\/pt\/wp-json\/wp\/v2\/pages\/18481\/revisions"}],"wp:attachment":[{"href":"https:\/\/offshore.sc\/pt\/wp-json\/wp\/v2\/media?parent=18481"}],"curies":[{"name":"wp","href":"https:\/\/api.w.org\/{rel}","templated":true}]}}