{"id":18390,"date":"2020-10-17T12:36:32","date_gmt":"2020-10-17T10:36:32","guid":{"rendered":"https:\/\/offshore.sc\/?page_id=18390"},"modified":"2021-05-08T15:32:11","modified_gmt":"2021-05-08T13:32:11","slug":"formulario-de-pedido-ibc","status":"publish","type":"page","link":"https:\/\/offshore.sc\/pt\/formulario-de-pedido-ibc\/","title":{"rendered":"Formul\u00e1rio de pedido"},"content":{"rendered":"<style type=\"text\/css\" data-created_by=\"avia_inline_auto\" id=\"style-css-av-sy195i-9cd197492538083fbc0e26f549463b30\">\n#top .av-special-heading.av-sy195i-9cd197492538083fbc0e26f549463b30{\npadding-bottom:10px;\n}\nbody .av-special-heading.av-sy195i-9cd197492538083fbc0e26f549463b30 .av-special-heading-tag .heading-char{\nfont-size:25px;\n}\n.av-special-heading.av-sy195i-9cd197492538083fbc0e26f549463b30 .av-subheading{\nfont-size:15px;\n}\n<\/style>\n<div  class='av-special-heading av-sy195i-9cd197492538083fbc0e26f549463b30 av-special-heading-h2 blockquote modern-quote modern-centered  avia-builder-el-0  el_before_av_hr  avia-builder-el-first'><h2 class='av-special-heading-tag'  itemprop=\"headline\"  >Voc\u00ea gostaria de seguir o caminho cl\u00e1ssico de um pedido<\/h2><div class='av-subheading av-subheading_below'><p>Baixe o formul\u00e1rio de pedido para montar sua empresa IBC offshore<\/p>\n<\/div><div class=\"special-heading-border\"><div class=\"special-heading-inner-border\"><\/div><\/div><\/div>\n\n<style type=\"text\/css\" data-created_by=\"avia_inline_auto\" id=\"style-css-av-kgdjuv7a-29ee4635d2a00b8daef8c0f30afc6094\">\n#top .hr.hr-invisible.av-kgdjuv7a-29ee4635d2a00b8daef8c0f30afc6094{\nheight:50px;\n}\n<\/style>\n<div  class='hr av-kgdjuv7a-29ee4635d2a00b8daef8c0f30afc6094 hr-invisible  avia-builder-el-1  el_after_av_heading  el_before_av_one_fifth'><span class='hr-inner'><span class=\"hr-inner-style\"><\/span><\/span><\/div>\n\n<style type=\"text\/css\" data-created_by=\"avia_inline_auto\" id=\"style-css-av-3456m46-c7d585d770e258a7eeab4b8b4fbdfad1\">\n.flex_column.av-3456m46-c7d585d770e258a7eeab4b8b4fbdfad1{\nborder-radius:0px 0px 0px 0px;\npadding:0px 0px 0px 0px;\n}\n<\/style>\n<div  class='flex_column av-3456m46-c7d585d770e258a7eeab4b8b4fbdfad1 av_one_fifth  avia-builder-el-2  el_after_av_hr  el_before_av_three_fifth  first flex_column_div av-zero-column-padding'     ><\/div>\n\n<style type=\"text\/css\" data-created_by=\"avia_inline_auto\" id=\"style-css-av-2nefd9y-15200505fa4d7a7175cd0e2a9cf50e77\">\n.flex_column.av-2nefd9y-15200505fa4d7a7175cd0e2a9cf50e77{\nborder-radius:0px 0px 0px 0px;\npadding:0px 0px 0px 0px;\n}\n<\/style>\n<div  class='flex_column av-2nefd9y-15200505fa4d7a7175cd0e2a9cf50e77 av_three_fifth  avia-builder-el-3  el_after_av_one_fifth  el_before_av_one_fifth  flex_column_div av-zero-column-padding'     ><section  class='av_textblock_section av-kgdjgj6a-ee356f86a715eb7285fd09e120640619'   itemscope=\"itemscope\" itemtype=\"https:\/\/schema.org\/CreativeWork\" ><div class='avia_textblock'  itemprop=\"text\" >\n<\/div><\/section><\/div>\n<style type=\"text\/css\" data-created_by=\"avia_inline_auto\" id=\"style-css-av-7akjyu-a76bb425b8f7b426a0b831fc17dc4584\">\n.flex_column.av-7akjyu-a76bb425b8f7b426a0b831fc17dc4584{\nborder-radius:0px 0px 0px 0px;\npadding:0px 0px 0px 0px;\n}\n<\/style>\n<div  class='flex_column av-7akjyu-a76bb425b8f7b426a0b831fc17dc4584 av_one_fifth  avia-builder-el-5  el_after_av_three_fifth  el_before_av_hr  flex_column_div av-zero-column-padding'     ><\/div><\/p>\n\n<style type=\"text\/css\" data-created_by=\"avia_inline_auto\" id=\"style-css-av-kgdjuv7a-29ee4635d2a00b8daef8c0f30afc6094\">\n#top .hr.hr-invisible.av-kgdjuv7a-29ee4635d2a00b8daef8c0f30afc6094{\nheight:50px;\n}\n<\/style>\n<div  class='hr av-kgdjuv7a-29ee4635d2a00b8daef8c0f30afc6094 hr-invisible  avia-builder-el-6  el_after_av_one_fifth  el_before_av_one_fifth'><span class='hr-inner'><span class=\"hr-inner-style\"><\/span><\/span><\/div>\n\n<style type=\"text\/css\" data-created_by=\"avia_inline_auto\" id=\"style-css-av-1rtbl06-b5754902e5f81549426cf941841e8228\">\n.flex_column.av-1rtbl06-b5754902e5f81549426cf941841e8228{\nborder-radius:0px 0px 0px 0px;\npadding:0px 0px 0px 0px;\n}\n<\/style>\n<div  class='flex_column av-1rtbl06-b5754902e5f81549426cf941841e8228 av_one_fifth  avia-builder-el-7  el_after_av_hr  el_before_av_three_fifth  first flex_column_div av-zero-column-padding'     ><\/div>\n\n<style type=\"text\/css\" data-created_by=\"avia_inline_auto\" id=\"style-css-av-zx1lsm-6a95ffe3442040d9b7407dac6bd42d5f\">\n.flex_column.av-zx1lsm-6a95ffe3442040d9b7407dac6bd42d5f{\nborder-radius:0px 0px 0px 0px;\npadding:0px 0px 0px 0px;\n}\n<\/style>\n<div  class='flex_column av-zx1lsm-6a95ffe3442040d9b7407dac6bd42d5f av_three_fifth  avia-builder-el-8  el_after_av_one_fifth  el_before_av_one_fifth  flex_column_div av-zero-column-padding'     ><section  class='av_textblock_section av-kgdjna2p-ec61bf953a9dd774d444e8971419a939'   itemscope=\"itemscope\" itemtype=\"https:\/\/schema.org\/CreativeWork\" ><div class='avia_textblock'  itemprop=\"text\" ><p>Por favor, n\u00e3o preencha o formul\u00e1rio de pedido on-line, mas baixe o formul\u00e1rio de pedido, preencha-o primeiro e envie-o para: welcome@offshore.sc.<br \/>A vantagem deste procedimento \u00e9 que voc\u00ea sempre tem um armazenamento local dispon\u00edvel. Voc\u00ea tamb\u00e9m tem tempo suficiente com o enchimento.<br \/><strong>Importante! - Isto n\u00e3o constitui uma ordem vinculativa.<\/strong><\/p>\n<\/div><\/section><\/div>\n\n<style type=\"text\/css\" data-created_by=\"avia_inline_auto\" id=\"style-css-av-l54xxy-906db7daa2047316385e102f24fb74c0\">\n.flex_column.av-l54xxy-906db7daa2047316385e102f24fb74c0{\nborder-radius:0px 0px 0px 0px;\npadding:0px 0px 0px 0px;\n}\n<\/style>\n<div  class='flex_column av-l54xxy-906db7daa2047316385e102f24fb74c0 av_one_fifth  avia-builder-el-10  el_after_av_three_fifth  el_before_av_heading  flex_column_div av-zero-column-padding'     ><\/div>\n\n<style type=\"text\/css\" data-created_by=\"avia_inline_auto\" id=\"style-css-av-kgdkydep-a3db5917cd52d33eeaa42618bd7fed42\">\n#top .av-special-heading.av-kgdkydep-a3db5917cd52d33eeaa42618bd7fed42{\npadding-bottom:10px;\n}\nbody .av-special-heading.av-kgdkydep-a3db5917cd52d33eeaa42618bd7fed42 .av-special-heading-tag .heading-char{\nfont-size:25px;\n}\n.av-special-heading.av-kgdkydep-a3db5917cd52d33eeaa42618bd7fed42 .av-subheading{\nfont-size:15px;\n}\n<\/style>\n<div  class='av-special-heading av-kgdkydep-a3db5917cd52d33eeaa42618bd7fed42 av-special-heading-h2 blockquote modern-quote modern-centered  avia-builder-el-11  el_after_av_one_fifth  avia-builder-el-last  av-linked-heading'><h2 class='av-special-heading-tag'  itemprop=\"headline\"  >Para encomendar sua empresa IBC Offshore on-line<\/h2><div class=\"special-heading-border\"><div class=\"special-heading-inner-border\"><\/div><\/div><\/div>","protected":false},"excerpt":{"rendered":"","protected":false},"author":1,"featured_media":6333,"parent":0,"menu_order":0,"comment_status":"closed","ping_status":"closed","template":"","meta":{"footnotes":""},"class_list":["post-18390","page","type-page","status-publish","has-post-thumbnail","hentry"],"_links":{"self":[{"href":"https:\/\/offshore.sc\/pt\/wp-json\/wp\/v2\/pages\/18390","targetHints":{"allow":["GET"]}}],"collection":[{"href":"https:\/\/offshore.sc\/pt\/wp-json\/wp\/v2\/pages"}],"about":[{"href":"https:\/\/offshore.sc\/pt\/wp-json\/wp\/v2\/types\/page"}],"author":[{"embeddable":true,"href":"https:\/\/offshore.sc\/pt\/wp-json\/wp\/v2\/users\/1"}],"replies":[{"embeddable":true,"href":"https:\/\/offshore.sc\/pt\/wp-json\/wp\/v2\/comments?post=18390"}],"version-history":[{"count":0,"href":"https:\/\/offshore.sc\/pt\/wp-json\/wp\/v2\/pages\/18390\/revisions"}],"wp:featuredmedia":[{"embeddable":true,"href":"https:\/\/offshore.sc\/pt\/wp-json\/wp\/v2\/media\/6333"}],"wp:attachment":[{"href":"https:\/\/offshore.sc\/pt\/wp-json\/wp\/v2\/media?parent=18390"}],"curies":[{"name":"wp","href":"https:\/\/api.w.org\/{rel}","templated":true}]}}